{"id":3138,"date":"2024-05-24T09:09:19","date_gmt":"2024-05-24T09:09:19","guid":{"rendered":"https:\/\/www.naparrabergara.com\/qualite-et-environnement\/"},"modified":"2024-05-24T09:34:50","modified_gmt":"2024-05-24T09:34:50","slug":"qualite-et-environnement","status":"publish","type":"page","link":"https:\/\/www.naparrabergara.com\/fr\/qualite-et-environnement\/","title":{"rendered":"Qualit\u00e9 et environnement"},"content":{"rendered":"<p>[et_pb_section fb_built=\u00a0\u00bb1&Prime; module_class=\u00a0\u00bblegal\u00a0\u00bb _builder_version=\u00a0\u00bb4.19.2&Prime; _module_preset=\u00a0\u00bbdefault\u00a0\u00bb global_colors_info=\u00a0\u00bb{}\u00a0\u00bb theme_builder_area=\u00a0\u00bbpost_content\u00a0\u00bb][et_pb_row _builder_version=\u00a0\u00bb4.19.2&Prime; _module_preset=\u00a0\u00bbdefault\u00a0\u00bb global_colors_info=\u00a0\u00bb{}\u00a0\u00bb theme_builder_area=\u00a0\u00bbpost_content\u00a0\u00bb][et_pb_column type=\u00a0\u00bb4_4&Prime; _builder_version=\u00a0\u00bb4.19.2&Prime; _module_preset=\u00a0\u00bbdefault\u00a0\u00bb global_colors_info=\u00a0\u00bb{}\u00a0\u00bb theme_builder_area=\u00a0\u00bbpost_content\u00a0\u00bb][et_pb_text _builder_version=\u00a0\u00bb4.21.0&Prime; _module_preset=\u00a0\u00bbdefault\u00a0\u00bb hover_enabled=\u00a0\u00bb0&Prime; global_colors_info=\u00a0\u00bb{}\u00a0\u00bb theme_builder_area=\u00a0\u00bbpost_content\u00a0\u00bb sticky_enabled=\u00a0\u00bb0&Prime;]<\/p>\n<h2>QUALIT\u00c9 ET ENVIRONNEMENT<\/h2>\n<p>NAPARRA BERGARA effectue une \u00e9valuation continue de ses fournisseurs et sous-traitants conform\u00e9ment \u00e0 la syst\u00e9matique \u00e9tablie dans son Syst\u00e8me de Gestion Int\u00e9gr\u00e9e (Qualit\u00e9 et Environnement), et en appliquant des crit\u00e8res sp\u00e9cifiques de qualit\u00e9, prix, adaptation, capacit\u00e9 et rapidit\u00e9 de r\u00e9ponse, gestion documentaire, etc\u2026<\/p>\n<p>NAPARRA BERGARA, conform\u00e9ment \u00e0 sa politique de gestion de l\u2019environnement, exige de ses fournisseurs l\u2019application des principes de respect des exigences l\u00e9gales et autres applicables \u00e0 son activit\u00e9, ainsi que le respect des normes environnementales et de s\u00e9curit\u00e9 fournies par NB lorsque le d\u00e9veloppement de son activit\u00e9 se produit \u00e0 l\u2019int\u00e9rieur de ses installations.<br \/>\n[\/et_pb_text][\/et_pb_column][\/et_pb_row][\/et_pb_section]<\/p>\n","protected":false},"excerpt":{"rendered":"<p>QUALIT\u00c9 ET ENVIRONNEMENT NAPARRA BERGARA effectue une \u00e9valuation continue de ses fournisseurs et sous-traitants conform\u00e9ment \u00e0 la syst\u00e9matique \u00e9tablie dans son Syst\u00e8me de Gestion Int\u00e9gr\u00e9e (Qualit\u00e9 et Environnement), et en appliquant des crit\u00e8res sp\u00e9cifiques de qualit\u00e9, prix, adaptation, capacit\u00e9 et rapidit\u00e9 de r\u00e9ponse, gestion documentaire, etc\u2026 NAPARRA BERGARA, conform\u00e9ment \u00e0 sa politique de gestion de [&hellip;]<\/p>\n","protected":false},"author":1,"featured_media":0,"parent":0,"menu_order":50,"comment_status":"closed","ping_status":"closed","template":"","meta":{"_et_pb_use_builder":"on","_et_pb_old_content":"","_et_gb_content_width":"","_monsterinsights_skip_tracking":false,"_monsterinsights_sitenote_active":false,"_monsterinsights_sitenote_note":"","_monsterinsights_sitenote_category":0},"yoast_head":"<!-- This site is optimized with the Yoast SEO plugin v20.8 - https:\/\/yoast.com\/wordpress\/plugins\/seo\/ -->\n<title>Qualit\u00e9 et environnement - Naparra Bergara<\/title>\n<meta name=\"robots\" content=\"index, follow, max-snippet:-1, max-image-preview:large, max-video-preview:-1\" \/>\n<link rel=\"canonical\" href=\"https:\/\/www.naparrabergara.com\/fr\/qualite-et-environnement\/\" \/>\n<script type=\"application\/ld+json\" class=\"yoast-schema-graph\">{\"@context\":\"https:\/\/schema.org\",\"@graph\":[{\"@type\":\"WebPage\",\"@id\":\"https:\/\/www.naparrabergara.com\/fr\/qualite-et-environnement\/\",\"url\":\"https:\/\/www.naparrabergara.com\/fr\/qualite-et-environnement\/\",\"name\":\"Qualit\u00e9 et environnement - Naparra Bergara\",\"isPartOf\":{\"@id\":\"https:\/\/www.naparrabergara.com\/fr\/#website\"},\"datePublished\":\"2024-05-24T09:09:19+00:00\",\"dateModified\":\"2024-05-24T09:34:50+00:00\",\"breadcrumb\":{\"@id\":\"https:\/\/www.naparrabergara.com\/fr\/qualite-et-environnement\/#breadcrumb\"},\"inLanguage\":\"fr-FR\",\"potentialAction\":[{\"@type\":\"ReadAction\",\"target\":[\"https:\/\/www.naparrabergara.com\/fr\/qualite-et-environnement\/\"]}]},{\"@type\":\"BreadcrumbList\",\"@id\":\"https:\/\/www.naparrabergara.com\/fr\/qualite-et-environnement\/#breadcrumb\",\"itemListElement\":[{\"@type\":\"ListItem\",\"position\":1,\"name\":\"Portada\",\"item\":\"https:\/\/www.naparrabergara.com\/fr\/\"},{\"@type\":\"ListItem\",\"position\":2,\"name\":\"Qualit\u00e9 et environnement\"}]},{\"@type\":\"WebSite\",\"@id\":\"https:\/\/www.naparrabergara.com\/fr\/#website\",\"url\":\"https:\/\/www.naparrabergara.com\/fr\/\",\"name\":\"Naparra Bergara\",\"description\":\"Gesti\u00f3n de residuos industriales\",\"publisher\":{\"@id\":\"https:\/\/www.naparrabergara.com\/fr\/#organization\"},\"potentialAction\":[{\"@type\":\"SearchAction\",\"target\":{\"@type\":\"EntryPoint\",\"urlTemplate\":\"https:\/\/www.naparrabergara.com\/fr\/?s={search_term_string}\"},\"query-input\":\"required name=search_term_string\"}],\"inLanguage\":\"fr-FR\"},{\"@type\":\"Organization\",\"@id\":\"https:\/\/www.naparrabergara.com\/fr\/#organization\",\"name\":\"Naparra Bergara\",\"url\":\"https:\/\/www.naparrabergara.com\/fr\/\",\"logo\":{\"@type\":\"ImageObject\",\"inLanguage\":\"fr-FR\",\"@id\":\"https:\/\/www.naparrabergara.com\/fr\/#\/schema\/logo\/image\/\",\"url\":\"https:\/\/www.naparrabergara.com\/wp-content\/uploads\/2023\/01\/naparra-bergara-logo4.jpg\",\"contentUrl\":\"https:\/\/www.naparrabergara.com\/wp-content\/uploads\/2023\/01\/naparra-bergara-logo4.jpg\",\"width\":550,\"height\":301,\"caption\":\"Naparra Bergara\"},\"image\":{\"@id\":\"https:\/\/www.naparrabergara.com\/fr\/#\/schema\/logo\/image\/\"},\"sameAs\":[\"https:\/\/www.linkedin.com\/company\/naparra-bergara\"]}]}<\/script>\n<!-- \/ Yoast SEO plugin. -->","yoast_head_json":{"title":"Qualit\u00e9 et environnement - Naparra Bergara","robots":{"index":"index","follow":"follow","max-snippet":"max-snippet:-1","max-image-preview":"max-image-preview:large","max-video-preview":"max-video-preview:-1"},"canonical":"https:\/\/www.naparrabergara.com\/fr\/qualite-et-environnement\/","schema":{"@context":"https:\/\/schema.org","@graph":[{"@type":"WebPage","@id":"https:\/\/www.naparrabergara.com\/fr\/qualite-et-environnement\/","url":"https:\/\/www.naparrabergara.com\/fr\/qualite-et-environnement\/","name":"Qualit\u00e9 et environnement - Naparra Bergara","isPartOf":{"@id":"https:\/\/www.naparrabergara.com\/fr\/#website"},"datePublished":"2024-05-24T09:09:19+00:00","dateModified":"2024-05-24T09:34:50+00:00","breadcrumb":{"@id":"https:\/\/www.naparrabergara.com\/fr\/qualite-et-environnement\/#breadcrumb"},"inLanguage":"fr-FR","potentialAction":[{"@type":"ReadAction","target":["https:\/\/www.naparrabergara.com\/fr\/qualite-et-environnement\/"]}]},{"@type":"BreadcrumbList","@id":"https:\/\/www.naparrabergara.com\/fr\/qualite-et-environnement\/#breadcrumb","itemListElement":[{"@type":"ListItem","position":1,"name":"Portada","item":"https:\/\/www.naparrabergara.com\/fr\/"},{"@type":"ListItem","position":2,"name":"Qualit\u00e9 et environnement"}]},{"@type":"WebSite","@id":"https:\/\/www.naparrabergara.com\/fr\/#website","url":"https:\/\/www.naparrabergara.com\/fr\/","name":"Naparra Bergara","description":"Gesti\u00f3n de residuos industriales","publisher":{"@id":"https:\/\/www.naparrabergara.com\/fr\/#organization"},"potentialAction":[{"@type":"SearchAction","target":{"@type":"EntryPoint","urlTemplate":"https:\/\/www.naparrabergara.com\/fr\/?s={search_term_string}"},"query-input":"required name=search_term_string"}],"inLanguage":"fr-FR"},{"@type":"Organization","@id":"https:\/\/www.naparrabergara.com\/fr\/#organization","name":"Naparra Bergara","url":"https:\/\/www.naparrabergara.com\/fr\/","logo":{"@type":"ImageObject","inLanguage":"fr-FR","@id":"https:\/\/www.naparrabergara.com\/fr\/#\/schema\/logo\/image\/","url":"https:\/\/www.naparrabergara.com\/wp-content\/uploads\/2023\/01\/naparra-bergara-logo4.jpg","contentUrl":"https:\/\/www.naparrabergara.com\/wp-content\/uploads\/2023\/01\/naparra-bergara-logo4.jpg","width":550,"height":301,"caption":"Naparra Bergara"},"image":{"@id":"https:\/\/www.naparrabergara.com\/fr\/#\/schema\/logo\/image\/"},"sameAs":["https:\/\/www.linkedin.com\/company\/naparra-bergara"]}]}},"_links":{"self":[{"href":"https:\/\/www.naparrabergara.com\/fr\/wp-json\/wp\/v2\/pages\/3138"}],"collection":[{"href":"https:\/\/www.naparrabergara.com\/fr\/wp-json\/wp\/v2\/pages"}],"about":[{"href":"https:\/\/www.naparrabergara.com\/fr\/wp-json\/wp\/v2\/types\/page"}],"author":[{"embeddable":true,"href":"https:\/\/www.naparrabergara.com\/fr\/wp-json\/wp\/v2\/users\/1"}],"replies":[{"embeddable":true,"href":"https:\/\/www.naparrabergara.com\/fr\/wp-json\/wp\/v2\/comments?post=3138"}],"version-history":[{"count":2,"href":"https:\/\/www.naparrabergara.com\/fr\/wp-json\/wp\/v2\/pages\/3138\/revisions"}],"predecessor-version":[{"id":3140,"href":"https:\/\/www.naparrabergara.com\/fr\/wp-json\/wp\/v2\/pages\/3138\/revisions\/3140"}],"wp:attachment":[{"href":"https:\/\/www.naparrabergara.com\/fr\/wp-json\/wp\/v2\/media?parent=3138"}],"curies":[{"name":"wp","href":"https:\/\/api.w.org\/{rel}","templated":true}]}}