{"id":2716,"date":"2023-01-31T09:39:24","date_gmt":"2023-01-31T09:39:24","guid":{"rendered":"https:\/\/www.naparrabergara.com\/politique-de-confidentialite\/"},"modified":"2024-05-24T09:15:45","modified_gmt":"2024-05-24T09:15:45","slug":"politique-de-confidentialite","status":"publish","type":"page","link":"https:\/\/www.naparrabergara.com\/fr\/politique-de-confidentialite\/","title":{"rendered":"Politique de confidentialit\u00e9"},"content":{"rendered":"<p>[et_pb_section fb_built=\u00a0\u00bb1&Prime; module_class=\u00a0\u00bblegal\u00a0\u00bb _builder_version=\u00a0\u00bb4.19.2&Prime; _module_preset=\u00a0\u00bbdefault\u00a0\u00bb global_colors_info=\u00a0\u00bb{}\u00a0\u00bb][et_pb_row _builder_version=\u00a0\u00bb4.19.2&Prime; _module_preset=\u00a0\u00bbdefault\u00a0\u00bb global_colors_info=\u00a0\u00bb{}\u00a0\u00bb][et_pb_column type=\u00a0\u00bb4_4&Prime; _builder_version=\u00a0\u00bb4.19.2&Prime; _module_preset=\u00a0\u00bbdefault\u00a0\u00bb global_colors_info=\u00a0\u00bb{}\u00a0\u00bb][et_pb_text _builder_version=\u00a0\u00bb4.21.0&Prime; _module_preset=\u00a0\u00bbdefault\u00a0\u00bb global_colors_info=\u00a0\u00bb{}\u00a0\u00bb]<\/p>\n<h3>I. POLITIQUE DE CONFIDENTIALIT\u00c9<\/h3>\n<p>Cette politique de confidentialit\u00e9 r\u00e9git l&rsquo;utilisation du service de portail Internet avec l&rsquo;adresse https:\/\/www.naparrabergara.com\/, dont le responsable \u00e0 des fins d&rsquo;identification est : <\/p>\n<ul>\n<li>Responsable: NAPARRA BERGARA, S.L..<\/li>\n<li>CIF: B75189159.<\/li>\n<li>T\u00e9l\u00e9phone : 688639563<\/li>\n<li>Email: bergara@naparra.com<\/li>\n<\/ul>\n<h4>Finalit\u00e9, pourquoi traitons-nous vos donn\u00e9es ?<\/h4>\n<p>Aux fins des dispositions du RGPD du 27 avril 2016 et de la LO 3\/2018, nous traiterons les donn\u00e9es que nous collectons aux fins suivantes :<\/p>\n<ul>\n<li>Contactez-vous si vous nous le demandez.<\/li>\n<li>G\u00e9rez votre navigation Web, le cas \u00e9ch\u00e9ant.<\/li>\n<li>Vous envoyer des communications commerciales sur nos produits et services.<\/li>\n<\/ul>\n<p>Pour ce faire, l&rsquo;utilisateur disposera d&rsquo;un formulaire d&rsquo;inscription dont le remplissage l\u00e9gitimera l&rsquo;int\u00e9ress\u00e9 pour acc\u00e9der et profiter de certains services propos\u00e9s sur le site.<\/p>\n<p>Cependant, l&rsquo;utilisateur est inform\u00e9 que dans chaque formulaire de contact, il sera inform\u00e9 de l&rsquo;utilisation qui sera faite des donn\u00e9es obtenues et, si celles-ci sont utilis\u00e9es dans un but diff\u00e9rent, ledit consentement sera obtenu pr\u00e9alablement et express\u00e9ment.<\/p>\n<p>Si le consentement de la personne concern\u00e9e est donn\u00e9 dans le cadre d&rsquo;une d\u00e9claration \u00e9crite qui porte \u00e9galement sur d&rsquo;autres sujets, la demande de consentement doit \u00eatre pr\u00e9sent\u00e9e de mani\u00e8re \u00e0 \u00eatre clairement distingu\u00e9e des autres sujets, de mani\u00e8re intelligible et facilement accessible. forme et dans un langage clair et simple, conform\u00e9ment \u00e0 l&rsquo;article 7.2 du RGPD du 27 avril 2016.<\/p>\n<h4>L\u00e9gitimation, Quelle est la l\u00e9gitimit\u00e9 du traitement de vos donn\u00e9es ?<\/h4>\n<p>La base juridique du traitement de vos donn\u00e9es sera bas\u00e9e sur :<\/p>\n<ul>\n<li>Le consentement de l&rsquo;int\u00e9ress\u00e9, pour le traitement de ses donn\u00e9es, conform\u00e9ment \u00e0 l&rsquo;article 6. 1. a) du R\u00e8glement G\u00e9n\u00e9ral Europ\u00e9en sur la Protection des Donn\u00e9es.<\/li>\n<li>La n\u00e9cessaire ex\u00e9cution d&rsquo;un contrat auquel l&rsquo;int\u00e9ress\u00e9 est partie ou pour l&rsquo;application \u00e0 sa demande de mesures pr\u00e9contractuelles, conform\u00e9ment \u00e0 l&rsquo;article 6. 1. b) du R\u00e8glement G\u00e9n\u00e9ral Europ\u00e9en sur la Protection des Donn\u00e9es.<\/li>\n<\/ul>\n<h4>Destinataires \u00c0 qui communiquons-nous vos donn\u00e9es ?<\/h4>\n<p>Les donn\u00e9es personnelles ne seront transf\u00e9r\u00e9es que dans le respect des obligations l\u00e9galement \u00e9tablies ou pour soutenir les services li\u00e9s \u00e0 ce traitement.<\/p>\n<h4>Conservation, combien de temps conservons-nous vos donn\u00e9es ?<\/h4>\n<p>Nous conserverons vos donn\u00e9es personnelles pendant au moins 5 ans si vous \u00eates client et pour le strict respect des obligations l\u00e9gales \u00e9tablies dans la r\u00e9glementation.<\/p>\n<p>Si vous n&rsquo;\u00eates pas client, nous conserverons vos donn\u00e9es pendant la dur\u00e9e minimale n\u00e9cessaire \u00e0 la gestion de notre relation.<\/p>\n<h4>Droits, quels sont vos droits lorsque vous nous fournissez vos donn\u00e9es ?<\/h4>\n<p>Toute personne a le droit d&rsquo;obtenir la confirmation que des donn\u00e9es personnelles la concernant font l&rsquo;objet d&rsquo;un traitement.<\/p>\n<p>Les personnes int\u00e9ress\u00e9es ont le droit d&rsquo;acc\u00e9der \u00e0 leurs donn\u00e9es personnelles, ainsi que de demander la rectification de donn\u00e9es inexactes ou, le cas \u00e9ch\u00e9ant, de demander leur suppression lorsque, entre autres raisons, les donn\u00e9es ne sont plus n\u00e9cessaires aux fins pour lesquelles elles ont \u00e9t\u00e9 collect\u00e9es.<\/p>\n<p>Dans certaines circonstances, les parties int\u00e9ress\u00e9es peuvent demander la limitation du traitement de leurs donn\u00e9es, auquel cas nous les conserverons uniquement pour l&rsquo;exercice ou la d\u00e9fense de r\u00e9clamations.<\/p>\n<p>Dans certaines circonstances et pour des raisons li\u00e9es \u00e0 leur situation particuli\u00e8re, les int\u00e9ress\u00e9s peuvent s&rsquo;opposer au traitement de leurs donn\u00e9es. Dans ce cas, les donn\u00e9es ne seront plus trait\u00e9es, sauf pour des raisons l\u00e9gitimes ou pour l&rsquo;exercice ou la d\u00e9fense d&rsquo;\u00e9ventuelles r\u00e9clamations.<\/p>\n<p>Les personnes int\u00e9ress\u00e9es peuvent demander la portabilit\u00e9 des donn\u00e9es afin d&rsquo;obtenir les donn\u00e9es qu&rsquo;elles ont fournies dans un format structur\u00e9, couramment utilis\u00e9 et lisible par machine, pour \u00eatre t\u00e9l\u00e9charg\u00e9es par elles-m\u00eames ou transmises \u00e0 une autre entit\u00e9.<\/p>\n<p>L&rsquo;int\u00e9ress\u00e9 peut exercer ses droits en envoyant un courrier \u00e9lectronique \u00e0 l&rsquo;adresse \u00e9lectronique bergara@naparra.com ou, le cas \u00e9ch\u00e9ant, \u00e0 l&rsquo;adresse physique Pol\u00edgono Industrial Azkarruntz, S\/N, 20570, Bergara (Gipuzkoa).<\/p>\n<h4>Consentement mineur, que se passe-t-il si vous \u00eates mineur ?<\/h4>\n<p>Dans le cas o\u00f9 certains de nos services s&rsquo;adressent sp\u00e9cifiquement aux enfants de moins de quatorze ans, nous demanderons le consentement des parents ou tuteurs pour la collecte de donn\u00e9es personnelles ou, le cas \u00e9ch\u00e9ant, pour le traitement automatis\u00e9 des donn\u00e9es conform\u00e9ment \u00e0 l&rsquo;article 7. du LOPDGDD.<\/p>\n<h4>Exactitude, v\u00e9racit\u00e9 et s\u00e9curit\u00e9 des donn\u00e9es, comment traitons-nous vos donn\u00e9es ?<\/h4>\n<p>L&rsquo;Utilisateur est seul responsable de la v\u00e9racit\u00e9 et de l&rsquo;exactitude des donn\u00e9es incluses, nous exon\u00e9rant de toute responsabilit\u00e9 \u00e0 cet \u00e9gard. Les utilisateurs garantissent et sont responsables, dans tous les cas, de l&rsquo;exactitude, de la validit\u00e9 et de l&rsquo;authenticit\u00e9 des donn\u00e9es personnelles fournies, et s&rsquo;engagent \u00e0 les tenir d\u00fbment mises \u00e0 jour. L&rsquo;utilisateur s&rsquo;engage \u00e0 fournir des informations compl\u00e8tes et exactes dans les formulaires d&rsquo;inscription ou d&rsquo;abonnement. Nous ne serons pas responsables de la v\u00e9racit\u00e9 des informations qui ne sont pas de notre propre cr\u00e9ation et pour lesquelles une autre source est indiqu\u00e9e, nous n&rsquo;assumons donc aucune responsabilit\u00e9 pour les dommages hypoth\u00e9tiques pouvant d\u00e9couler de l&rsquo;utilisation de ces informations.<\/p>\n<p>Nous nous r\u00e9servons \u00e9galement le droit de mettre \u00e0 jour, de modifier ou de supprimer les informations contenues sur le site Web et pouvons m\u00eame limiter ou interdire l&rsquo;acc\u00e8s \u00e0 ces informations.<br \/>\nNous ne serons pas responsables de tout dommage ou pr\u00e9judice que l&rsquo;Utilisateur pourrait subir du fait d&rsquo;erreurs, de d\u00e9fauts ou d&rsquo;omissions dans les informations fournies par le responsable, \u00e0 condition qu&rsquo;elles proviennent de sources ext\u00e9rieures.<\/p>\n<p>Les donn\u00e9es seront trait\u00e9es de mani\u00e8re confidentielle et soumises \u00e0 des mesures de s\u00e9curit\u00e9 techniques et organisationnelles appropri\u00e9es pour emp\u00eacher leur alt\u00e9ration, perte, traitement ou acc\u00e8s non autoris\u00e9.<\/p>\n<p>Vous pouvez d\u00e9poser une r\u00e9clamation aupr\u00e8s de l&rsquo;Agence espagnole de protection des donn\u00e9es, notamment lorsque vous n&rsquo;avez pas obtenu satisfaction dans l&rsquo;exercice de vos droits, \u00e0 l&rsquo;adresse postale et\/ou \u00e9lectronique indiqu\u00e9e sur la page www.aepd.es.<\/p>\n<p> [\/et_pb_text][\/et_pb_column][\/et_pb_row][\/et_pb_section]<\/p>\n","protected":false},"excerpt":{"rendered":"<p>I. POLITIQUE DE CONFIDENTIALIT\u00c9 Cette politique de confidentialit\u00e9 r\u00e9git l&rsquo;utilisation du service de portail Internet avec l&rsquo;adresse https:\/\/www.naparrabergara.com\/, dont le responsable \u00e0 des fins d&rsquo;identification est : Responsable: NAPARRA BERGARA, S.L.. CIF: B75189159. T\u00e9l\u00e9phone : 688639563 Email: bergara@naparra.com Finalit\u00e9, pourquoi traitons-nous vos donn\u00e9es ? Aux fins des dispositions du RGPD du 27 avril 2016 et [&hellip;]<\/p>\n","protected":false},"author":1,"featured_media":0,"parent":0,"menu_order":42,"comment_status":"closed","ping_status":"closed","template":"","meta":{"_et_pb_use_builder":"on","_et_pb_old_content":"","_et_gb_content_width":"","_monsterinsights_skip_tracking":false,"_monsterinsights_sitenote_active":false,"_monsterinsights_sitenote_note":"","_monsterinsights_sitenote_category":0},"yoast_head":"<!-- This site is optimized with the Yoast SEO plugin v20.8 - https:\/\/yoast.com\/wordpress\/plugins\/seo\/ -->\n<title>Politique de confidentialit\u00e9 - Naparra Bergara<\/title>\n<meta name=\"description\" content=\"Cette politique de confidentialit\u00e9 r\u00e9git l&#039;utilisation du service de portail Internet avec l&#039;adresse https:\/\/www.naparrabergara.com\/\" \/>\n<meta name=\"robots\" content=\"index, follow, max-snippet:-1, max-image-preview:large, max-video-preview:-1\" \/>\n<link rel=\"canonical\" href=\"https:\/\/www.naparrabergara.com\/fr\/politique-de-confidentialite\/\" \/>\n<script type=\"application\/ld+json\" class=\"yoast-schema-graph\">{\"@context\":\"https:\/\/schema.org\",\"@graph\":[{\"@type\":\"WebPage\",\"@id\":\"https:\/\/www.naparrabergara.com\/fr\/politique-de-confidentialite\/\",\"url\":\"https:\/\/www.naparrabergara.com\/fr\/politique-de-confidentialite\/\",\"name\":\"Politique de confidentialit\u00e9 - Naparra Bergara\",\"isPartOf\":{\"@id\":\"https:\/\/www.naparrabergara.com\/fr\/#website\"},\"datePublished\":\"2023-01-31T09:39:24+00:00\",\"dateModified\":\"2024-05-24T09:15:45+00:00\",\"description\":\"Cette politique de confidentialit\u00e9 r\u00e9git l'utilisation du service de portail Internet avec l'adresse https:\/\/www.naparrabergara.com\/\",\"breadcrumb\":{\"@id\":\"https:\/\/www.naparrabergara.com\/fr\/politique-de-confidentialite\/#breadcrumb\"},\"inLanguage\":\"fr-FR\",\"potentialAction\":[{\"@type\":\"ReadAction\",\"target\":[\"https:\/\/www.naparrabergara.com\/fr\/politique-de-confidentialite\/\"]}]},{\"@type\":\"BreadcrumbList\",\"@id\":\"https:\/\/www.naparrabergara.com\/fr\/politique-de-confidentialite\/#breadcrumb\",\"itemListElement\":[{\"@type\":\"ListItem\",\"position\":1,\"name\":\"Portada\",\"item\":\"https:\/\/www.naparrabergara.com\/fr\/\"},{\"@type\":\"ListItem\",\"position\":2,\"name\":\"Politique de confidentialit\u00e9\"}]},{\"@type\":\"WebSite\",\"@id\":\"https:\/\/www.naparrabergara.com\/fr\/#website\",\"url\":\"https:\/\/www.naparrabergara.com\/fr\/\",\"name\":\"Naparra Bergara\",\"description\":\"Gesti\u00f3n de residuos industriales\",\"publisher\":{\"@id\":\"https:\/\/www.naparrabergara.com\/fr\/#organization\"},\"potentialAction\":[{\"@type\":\"SearchAction\",\"target\":{\"@type\":\"EntryPoint\",\"urlTemplate\":\"https:\/\/www.naparrabergara.com\/fr\/?s={search_term_string}\"},\"query-input\":\"required name=search_term_string\"}],\"inLanguage\":\"fr-FR\"},{\"@type\":\"Organization\",\"@id\":\"https:\/\/www.naparrabergara.com\/fr\/#organization\",\"name\":\"Naparra Bergara\",\"url\":\"https:\/\/www.naparrabergara.com\/fr\/\",\"logo\":{\"@type\":\"ImageObject\",\"inLanguage\":\"fr-FR\",\"@id\":\"https:\/\/www.naparrabergara.com\/fr\/#\/schema\/logo\/image\/\",\"url\":\"https:\/\/www.naparrabergara.com\/wp-content\/uploads\/2023\/01\/naparra-bergara-logo4.jpg\",\"contentUrl\":\"https:\/\/www.naparrabergara.com\/wp-content\/uploads\/2023\/01\/naparra-bergara-logo4.jpg\",\"width\":550,\"height\":301,\"caption\":\"Naparra Bergara\"},\"image\":{\"@id\":\"https:\/\/www.naparrabergara.com\/fr\/#\/schema\/logo\/image\/\"},\"sameAs\":[\"https:\/\/www.linkedin.com\/company\/naparra-bergara\"]}]}<\/script>\n<!-- \/ Yoast SEO plugin. -->","yoast_head_json":{"title":"Politique de confidentialit\u00e9 - Naparra Bergara","description":"Cette politique de confidentialit\u00e9 r\u00e9git l'utilisation du service de portail Internet avec l'adresse https:\/\/www.naparrabergara.com\/","robots":{"index":"index","follow":"follow","max-snippet":"max-snippet:-1","max-image-preview":"max-image-preview:large","max-video-preview":"max-video-preview:-1"},"canonical":"https:\/\/www.naparrabergara.com\/fr\/politique-de-confidentialite\/","schema":{"@context":"https:\/\/schema.org","@graph":[{"@type":"WebPage","@id":"https:\/\/www.naparrabergara.com\/fr\/politique-de-confidentialite\/","url":"https:\/\/www.naparrabergara.com\/fr\/politique-de-confidentialite\/","name":"Politique de confidentialit\u00e9 - Naparra Bergara","isPartOf":{"@id":"https:\/\/www.naparrabergara.com\/fr\/#website"},"datePublished":"2023-01-31T09:39:24+00:00","dateModified":"2024-05-24T09:15:45+00:00","description":"Cette politique de confidentialit\u00e9 r\u00e9git l'utilisation du service de portail Internet avec l'adresse https:\/\/www.naparrabergara.com\/","breadcrumb":{"@id":"https:\/\/www.naparrabergara.com\/fr\/politique-de-confidentialite\/#breadcrumb"},"inLanguage":"fr-FR","potentialAction":[{"@type":"ReadAction","target":["https:\/\/www.naparrabergara.com\/fr\/politique-de-confidentialite\/"]}]},{"@type":"BreadcrumbList","@id":"https:\/\/www.naparrabergara.com\/fr\/politique-de-confidentialite\/#breadcrumb","itemListElement":[{"@type":"ListItem","position":1,"name":"Portada","item":"https:\/\/www.naparrabergara.com\/fr\/"},{"@type":"ListItem","position":2,"name":"Politique de confidentialit\u00e9"}]},{"@type":"WebSite","@id":"https:\/\/www.naparrabergara.com\/fr\/#website","url":"https:\/\/www.naparrabergara.com\/fr\/","name":"Naparra Bergara","description":"Gesti\u00f3n de residuos industriales","publisher":{"@id":"https:\/\/www.naparrabergara.com\/fr\/#organization"},"potentialAction":[{"@type":"SearchAction","target":{"@type":"EntryPoint","urlTemplate":"https:\/\/www.naparrabergara.com\/fr\/?s={search_term_string}"},"query-input":"required name=search_term_string"}],"inLanguage":"fr-FR"},{"@type":"Organization","@id":"https:\/\/www.naparrabergara.com\/fr\/#organization","name":"Naparra Bergara","url":"https:\/\/www.naparrabergara.com\/fr\/","logo":{"@type":"ImageObject","inLanguage":"fr-FR","@id":"https:\/\/www.naparrabergara.com\/fr\/#\/schema\/logo\/image\/","url":"https:\/\/www.naparrabergara.com\/wp-content\/uploads\/2023\/01\/naparra-bergara-logo4.jpg","contentUrl":"https:\/\/www.naparrabergara.com\/wp-content\/uploads\/2023\/01\/naparra-bergara-logo4.jpg","width":550,"height":301,"caption":"Naparra Bergara"},"image":{"@id":"https:\/\/www.naparrabergara.com\/fr\/#\/schema\/logo\/image\/"},"sameAs":["https:\/\/www.linkedin.com\/company\/naparra-bergara"]}]}},"_links":{"self":[{"href":"https:\/\/www.naparrabergara.com\/fr\/wp-json\/wp\/v2\/pages\/2716"}],"collection":[{"href":"https:\/\/www.naparrabergara.com\/fr\/wp-json\/wp\/v2\/pages"}],"about":[{"href":"https:\/\/www.naparrabergara.com\/fr\/wp-json\/wp\/v2\/types\/page"}],"author":[{"embeddable":true,"href":"https:\/\/www.naparrabergara.com\/fr\/wp-json\/wp\/v2\/users\/1"}],"replies":[{"embeddable":true,"href":"https:\/\/www.naparrabergara.com\/fr\/wp-json\/wp\/v2\/comments?post=2716"}],"version-history":[{"count":4,"href":"https:\/\/www.naparrabergara.com\/fr\/wp-json\/wp\/v2\/pages\/2716\/revisions"}],"predecessor-version":[{"id":2828,"href":"https:\/\/www.naparrabergara.com\/fr\/wp-json\/wp\/v2\/pages\/2716\/revisions\/2828"}],"wp:attachment":[{"href":"https:\/\/www.naparrabergara.com\/fr\/wp-json\/wp\/v2\/media?parent=2716"}],"curies":[{"name":"wp","href":"https:\/\/api.w.org\/{rel}","templated":true}]}}