{"id":2713,"date":"2023-01-31T09:36:54","date_gmt":"2023-01-31T09:36:54","guid":{"rendered":"https:\/\/www.naparrabergara.com\/politique-de-cookies\/"},"modified":"2024-05-24T09:15:44","modified_gmt":"2024-05-24T09:15:44","slug":"politique-de-cookies","status":"publish","type":"page","link":"https:\/\/www.naparrabergara.com\/fr\/politique-de-cookies\/","title":{"rendered":"Politique de cookies"},"content":{"rendered":"<p>[et_pb_section fb_built=\u00a0\u00bb1&Prime; module_class=\u00a0\u00bblegal\u00a0\u00bb _builder_version=\u00a0\u00bb4.19.2&Prime; _module_preset=\u00a0\u00bbdefault\u00a0\u00bb global_colors_info=\u00a0\u00bb{}\u00a0\u00bb][et_pb_row _builder_version=\u00a0\u00bb4.19.2&Prime; _module_preset=\u00a0\u00bbdefault\u00a0\u00bb global_colors_info=\u00a0\u00bb{}\u00a0\u00bb][et_pb_column type=\u00a0\u00bb4_4&Prime; _builder_version=\u00a0\u00bb4.19.2&Prime; _module_preset=\u00a0\u00bbdefault\u00a0\u00bb global_colors_info=\u00a0\u00bb{}\u00a0\u00bb][et_pb_text _builder_version=\u00a0\u00bb4.19.2&Prime; _module_preset=\u00a0\u00bbdefault\u00a0\u00bb global_colors_info=\u00a0\u00bb{}\u00a0\u00bb]<\/p>\n<h2>Politique de cookies<\/h2>\n<p>Des cookies tiers et propres sont utilis\u00e9s sur ce site Web pour garantir que vous ayez une meilleure exp\u00e9rience de navigation, que vous puissiez partager du contenu sur les r\u00e9seaux sociaux et que nous puissions obtenir des statistiques d&rsquo;utilisation.<\/p>\n<p>Vous pouvez emp\u00eacher le t\u00e9l\u00e9chargement de cookies via les param\u00e8tres de votre navigateur, emp\u00eachant ainsi le stockage des cookies sur votre appareil.<\/p>\n<p>En tant que propri\u00e9taire de ce site, je vous informe que nous n&rsquo;utilisons aucune information personnelle issue des cookies, nous \u00e9tablissons uniquement des statistiques g\u00e9n\u00e9rales de visites qui ne comportent aucune information personnelle.<\/p>\n<p>Il est tr\u00e8s important que vous lisiez cette politique en mati\u00e8re de cookies et compreniez que si vous continuez \u00e0 naviguer, nous consid\u00e9rerons que vous acceptez son utilisation.<\/p>\n<p>Selon les termes inclus dans l&rsquo;article 22.2 de la loi 34\/2002 sur les services de la soci\u00e9t\u00e9 de l&rsquo;information et le commerce \u00e9lectronique, si vous continuez \u00e0 naviguer, vous donnerez votre consentement \u00e0 l&rsquo;utilisation des m\u00e9canismes susmentionn\u00e9s.<\/p>\n<h2>Entit\u00e9 responsable<\/h2>\n<p>L&rsquo;entit\u00e9 responsable de la collecte, du traitement et de l&rsquo;utilisation de vos donn\u00e9es personnelles, au sens \u00e9tabli par la loi sur la protection des donn\u00e9es personnelles, est la page NAPARRA BERGARA SL., propri\u00e9t\u00e9 de GAIZKA BOLINAGA ITURRICASTILLO \u2013 Askarruntz Industrialdea s\/n, 20570 Bergara, Gipuzkoa. .<\/p>\n<h2>Que sont les cookies ?<\/h2>\n<p>Les cookies sont un ensemble de donn\u00e9es qu&rsquo;un serveur d\u00e9pose dans le navigateur de l&rsquo;utilisateur pour collecter des informations de connexion Internet standard et des informations sur le comportement des visiteurs sur un site Web. C&rsquo;est-\u00e0-dire qu&rsquo;il s&rsquo;agit de petits fichiers texte qui sont stock\u00e9s sur le disque dur de l&rsquo;ordinateur et qui servent \u00e0 identifier l&rsquo;utilisateur lorsqu&rsquo;il se reconnecte au site Web. Son objectif est d&rsquo;enregistrer la visite de l&rsquo;utilisateur et de sauvegarder certaines informations. Son utilisation est courante et fr\u00e9quente sur le Web car elle permet aux pages de fonctionner plus efficacement et d&rsquo;obtenir une plus grande personnalisation et analyse du comportement des utilisateurs.<\/p>\n<h2>Quels types de cookies existent ?<\/h2>\n<p>Les cookies utilis\u00e9s sur notre site Web sont des cookies de session et des tiers, et nous permettent de stocker et d&rsquo;acc\u00e9der \u00e0 des informations li\u00e9es \u00e0 la langue, au type de navigateur utilis\u00e9 et \u00e0 d&rsquo;autres caract\u00e9ristiques g\u00e9n\u00e9rales pr\u00e9d\u00e9finies par l&rsquo;utilisateur, ainsi que de suivre et d&rsquo;analyser l&rsquo;activit\u00e9. &#8230; qu&rsquo;elle r\u00e9alise, dans le but d&rsquo;introduire des am\u00e9liorations et de fournir nos services de mani\u00e8re plus efficace et personnalis\u00e9e.<\/p>\n<p>Les cookies, en fonction de leur permanence, peuvent \u00eatre divis\u00e9s en cookies de session ou permanents. Ceux qui expirent lorsque l&rsquo;utilisateur ferme le navigateur. Ceux qui expirent en fonction du moment o\u00f9 la finalit\u00e9 pour laquelle ils servent est remplie (par exemple, pour que l&rsquo;utilisateur reste identifi\u00e9 dans les services GAIZKA BOLINAGA ITURRICASTILLO) ou lorsqu&rsquo;ils sont supprim\u00e9s manuellement.<\/p>\n<table>\n<thead>\n<tr>\n<th>Nom<\/th>\n<th>Type<\/th>\n<th>Expiration<\/th>\n<th>Objet<\/th>\n<th>Classe<\/th>\n<\/tr>\n<\/thead>\n<tbody>\n<tr>\n<td>__ga<\/td>\n<td>De tiers (Google Analytics)<\/td>\n<td>12 mois<\/td>\n<td>Le cookie _ga stocke des informations pr\u00e9cieuses : votre identifiant client. Cet identifiant client vous repr\u00e9sente, en tant qu&rsquo;utilisateur, qui visitez le site Web sur lequel le code de suivi est impl\u00e9ment\u00e9. Plus pr\u00e9cis\u00e9ment, Google Analytics utilise le cookie _ga pour reconna\u00eetre votre combinaison unique de navigateur et d&rsquo;appareil.<\/td>\n<td>No d&rsquo;exemption<\/td>\n<\/tr>\n<tr>\n<td>_ga_JW7T1CXN2J<\/td>\n<td>De tiers (Google Analytics)<\/td>\n<td>12 mois<\/td>\n<td>Il est utilis\u00e9 pour identifier des utilisateurs uniques. Ces cookies sont utilis\u00e9s pour collecter des informations sur la mani\u00e8re dont les visiteurs utilisent notre site Web. Nous utilisons les informations pour compiler des rapports et nous aider \u00e0 am\u00e9liorer le site Web.<\/td>\n<td>No d&rsquo;exemption<\/td>\n<\/tr>\n<tr>\n<td>cookieyes-consent<\/td>\n<td>Propre<\/td>\n<td>12 mois<\/td>\n<td>Cookie n\u00e9cessaire. En termes simples, le consentement aux cookies est une exigence d\u2019autorisation impos\u00e9e aux propri\u00e9taires de sites Web.<\/td>\n<td>No d&rsquo;exemption<\/td>\n<\/tr>\n<tr>\n<td>wp-wpml_current_language<\/td>\n<td>Propre<\/td>\n<td>\u00c0 la fin de la session<\/td>\n<td>Cookie n\u00e9cessaire. Ce cookie est activ\u00e9 par d\u00e9faut sur les sites qui utilisent la fonctionnalit\u00e9 de filtrage linguistique pour les op\u00e9rations AJAX.<\/td>\n<td>No d&rsquo;exemption<\/td>\n<\/tr>\n<\/tbody>\n<\/table>\n<p>De plus, en fonction de leur objectif, les cookies peuvent \u00eatre class\u00e9s comme suit:<\/p>\n<h2>Cookies de performances<\/h2>\n<p>Ce type de Cookie m\u00e9morise vos pr\u00e9f\u00e9rences pour les outils trouv\u00e9s sur les services, vous n&rsquo;avez donc pas besoin de reconfigurer le service \u00e0 chaque visite. A titre d&rsquo;exemple, cette typologie comprend : Les r\u00e9glages de volume pour les lecteurs vid\u00e9o ou audio. Les vitesses de transmission vid\u00e9o prises en charge par votre navigateur. Les objets enregistr\u00e9s dans le \u00ab panier \u00bb dans les services de commerce \u00e9lectronique tels que les magasins.<\/p>\n<h2>Cookies de g\u00e9olocalisation<\/h2>\n<p>Ces cookies sont utilis\u00e9s pour savoir dans quel pays vous vous trouvez lorsque vous demandez un service. Ce cookie est totalement anonyme et n&rsquo;est utilis\u00e9 que pour aider \u00e0 cibler le contenu en fonction de votre emplacement.<\/p>\n<h2>Cookies d&rsquo;inscription<\/h2>\n<p>Les cookies d&rsquo;inscription sont g\u00e9n\u00e9r\u00e9s une fois que l&rsquo;utilisateur s&rsquo;est inscrit ou a ouvert ult\u00e9rieurement sa session et sont utilis\u00e9s pour l&rsquo;identifier dans les services aux fins suivantes:<\/p>\n<p>Gardez l&rsquo;utilisateur identifi\u00e9 afin que, s&rsquo;il ferme un service, un navigateur ou un ordinateur et qu&rsquo;il r\u00e9int\u00e8gre ce service \u00e0 un autre moment ou un autre jour, il continuera \u00e0 \u00eatre identifi\u00e9, facilitant ainsi sa navigation sans avoir \u00e0 s&rsquo;identifier \u00e0 nouveau. Cette fonctionnalit\u00e9 peut \u00eatre supprim\u00e9e si l&rsquo;utilisateur clique sur la fonctionnalit\u00e9  [[cerrar sesi\u00f3n]] , de sorte que ce cookie soit supprim\u00e9 et la prochaine fois que l&rsquo;utilisateur entrera dans le service, il devra se connecter pour \u00eatre identifi\u00e9.<\/p>\n<p>V\u00e9rifiez si l&rsquo;utilisateur est autoris\u00e9 \u00e0 acc\u00e9der \u00e0 certains services, par exemple pour participer \u00e0 un concours.<\/p>\n<p>De plus, certains services peuvent utiliser des connecteurs avec des r\u00e9seaux sociaux tels que Facebook ou Twitter. Lorsque l&rsquo;utilisateur s&rsquo;inscrit \u00e0 un service avec les identifiants d&rsquo;un r\u00e9seau social, il autorise le r\u00e9seau social \u00e0 enregistrer un cookie persistant qui m\u00e9morise son identit\u00e9 et garantit l&rsquo;acc\u00e8s aux services jusqu&rsquo;\u00e0 son expiration. L&rsquo;utilisateur peut supprimer ce Cookie et r\u00e9voquer l&rsquo;acc\u00e8s aux services via les r\u00e9seaux sociaux en mettant \u00e0 jour ses pr\u00e9f\u00e9rences sur le r\u00e9seau social sp\u00e9cifique.<\/p>\n<h2>Cookies d&rsquo;analyse<\/h2>\n<p>Chaque fois qu&rsquo;un utilisateur visite un service, un outil d&rsquo;un fournisseur tiers g\u00e9n\u00e8re un cookie analytique sur l&rsquo;ordinateur de l&rsquo;utilisateur. Ce cookie, g\u00e9n\u00e9r\u00e9 uniquement lors de la visite, sera utilis\u00e9 lors des prochaines visites des services GAIZKA BOLINAGA ITURRICASTILLO pour identifier le visiteur de mani\u00e8re anonyme. Les principaux objectifs poursuivis sont:<\/p>\n<p>Permet l&rsquo;identification anonyme des utilisateurs naviguant gr\u00e2ce au cookie (il identifie les navigateurs et les appareils, pas les personnes) et donc la comptabilisation approximative du nombre de visiteurs et de leur \u00e9volution dans le temps.<br \/>Identifiez de mani\u00e8re anonyme le contenu le plus visit\u00e9 et donc le plus attractif pour les utilisateurs et sachez si l&rsquo;utilisateur qui y acc\u00e8de est nouveau ou s&rsquo;il r\u00e9p\u00e8te une visite.<\/p>\n<p>Important : Sauf si l&rsquo;utilisateur d\u00e9cide de s&rsquo;inscrire \u00e0 un service GAIZKA BOLINAGA ITURRICASTILLO, le cookie ne sera jamais associ\u00e9 \u00e0 des donn\u00e9es personnelles permettant d&rsquo;identifier l&rsquo;utilisateur. Ces cookies ne seront utilis\u00e9s qu&rsquo;\u00e0 des fins statistiques permettant d&rsquo;optimiser l&rsquo;exp\u00e9rience utilisateur sur le site.<\/p>\n<h2>Cookies publicitaires<\/h2>\n<p>Ces types de cookies nous permettent d&rsquo;\u00e9largir les informations des publicit\u00e9s pr\u00e9sent\u00e9es \u00e0 chaque utilisateur anonyme des services GAIZKA BOLINAGA ITURRICASTILLO. Entre autres, la dur\u00e9e ou la fr\u00e9quence de visualisation des positions publicitaires, l&rsquo;interaction avec celles-ci ou les mod\u00e8les et\/ou comportements de navigation de l&rsquo;utilisateur sont stock\u00e9s car ils contribuent \u00e0 cr\u00e9er un profil d&rsquo;int\u00e9r\u00eat publicitaire. De cette mani\u00e8re, ils nous permettent de proposer des publicit\u00e9s li\u00e9es aux int\u00e9r\u00eats de l\u2019utilisateur.<br \/>Cookies publicitaires tiers<\/p>\n<p>En plus de la publicit\u00e9 g\u00e9r\u00e9e par les sites Internet GAIZKA BOLINAGA ITURRICASTILLO dans leurs services, les sites Internet GAIZKA BOLINAGA ITURRICASTILLO offrent \u00e0 leurs annonceurs la possibilit\u00e9 de diffuser des publicit\u00e9s par l&rsquo;interm\u00e9diaire de tiers (\u00ab Serveurs publicitaires \u00bb). De cette mani\u00e8re, ces tiers peuvent stocker les cookies envoy\u00e9s par les services GAIZKA BOLINAGA ITURRICASTILLO \u00e0 partir des navigateurs des utilisateurs, ainsi qu&rsquo;acc\u00e9der aux donn\u00e9es qui y sont stock\u00e9es.<\/p>\n<p>Les entreprises qui g\u00e9n\u00e8rent ces cookies ont leurs propres politiques de confidentialit\u00e9. Actuellement, les sites Internet GAIZKA BOLINAGA ITURRICASTILLO utilisent la plateforme Doubleclick (Google) pour g\u00e9rer ces services. Pour plus d&rsquo;informations, rendez-vous sur<\/p>\n<p>http:\/\/www.google.es\/policies\/privacy\/ads\/#toc-doubleclick y a http:\/\/www.google.es\/policies\/privacy\/ads\/.<\/p>\n<h2>Comment puis-je d\u00e9sactiver les cookies dans mon navigateur ?<\/h2>\n<p>Diff\u00e9rents navigateurs peuvent \u00eatre configur\u00e9s pour avertir l&rsquo;utilisateur de la r\u00e9ception de cookies et, s&rsquo;il le souhaite, emp\u00eacher leur installation sur l&rsquo;ordinateur. De m\u00eame, l&rsquo;utilisateur peut v\u00e9rifier dans son navigateur quels cookies il a install\u00e9s et quelle est leur dur\u00e9e d&rsquo;expiration, et peut les supprimer.<\/p>\n<p>Pour plus d\u2019informations, consultez les instructions et manuels de votre navigateur:<\/p>\n<p>Pour plus d&rsquo;informations sur la gestion des cookies dans Google Chrome: https:\/\/support.google.com\/chrome\/answer\/95647?hl=es<\/p>\n<p>Para m\u00e1s informaci\u00f3n sobre la administraci\u00f3n de las cookies en Internet Explorer: https:\/\/support.microsoft.com\/fr-fr\/windows<\/p>\n<p>Para m\u00e1s informaci\u00f3n sobre la administraci\u00f3n de las cookies en Mozilla Firefox: https:\/\/support.mozilla.org\/fr\/kb\/effacer-cookies-donnees-site-firefox<\/p>\n<p>Pour plus d&rsquo;informations sur la gestion des cookies dans Safari: https:\/\/support.apple.com\/fr-fr\/HT203987<\/p>\n<p>Pour plus d&rsquo;informations sur la gestion des cookies dans Opera: https:\/\/help.opera.com\/en\/latest\/web-preferences\/#cookies<\/p>\n<p>Si vous souhaitez cesser d&rsquo;\u00eatre suivi par Google Analytics, visitez: http:\/\/tools.google.com\/dlpage\/gaoptout<\/p>\n<h2>Pour en savoir plus sur les cookies<\/h2>\n<p>Vous pouvez en savoir plus sur la publicit\u00e9 comportementale en ligne et la confidentialit\u00e9 en ligne en cliquant sur le lien suivant: https:\/\/www.youronlinechoices.com\/fr\/<\/p>\n<p>Protection des donn\u00e9es Google Analytics: http:\/\/www.google.com\/analytics\/learn\/privacy.html<\/p>\n<p>Comment Google Analytics utilise des cookies: https:\/\/developers.google.com\/analytics\/devguides\/collection\/analyticsjs\/cookie-usage?hl=es#analyticsjs<\/p>\n<h2>Mises \u00e0 jour et modifications de la politique de confidentialit\u00e9\/cookies<\/h2>\n<p>Les sites Web de GAIZKA BOLINAGA ITURRICASTILLO peuvent modifier cette politique de cookies en fonction d&rsquo;exigences l\u00e9gislatives ou r\u00e9glementaires, ou dans le but d&rsquo;adapter ladite politique aux instructions \u00e9mises par l&rsquo;Agence espagnole de protection des donn\u00e9es, c&rsquo;est pourquoi il est conseill\u00e9 aux utilisateurs de la visiter p\u00e9riodiquement.<\/p>\n<p>Lorsque des changements importants surviennent dans cette politique de cookies, ceux-ci seront communiqu\u00e9s aux utilisateurs soit via le site Web, soit par courrier \u00e9lectronique aux utilisateurs enregistr\u00e9s.<\/p>\n<p>[\/et_pb_text][\/et_pb_column][\/et_pb_row][\/et_pb_section]<\/p>\n","protected":false},"excerpt":{"rendered":"<p>Politique de cookies Des cookies tiers et propres sont utilis\u00e9s sur ce site Web pour garantir que vous ayez une meilleure exp\u00e9rience de navigation, que vous puissiez partager du contenu sur les r\u00e9seaux sociaux et que nous puissions obtenir des statistiques d&rsquo;utilisation. Vous pouvez emp\u00eacher le t\u00e9l\u00e9chargement de cookies via les param\u00e8tres de votre navigateur, [&hellip;]<\/p>\n","protected":false},"author":1,"featured_media":0,"parent":0,"menu_order":40,"comment_status":"closed","ping_status":"closed","template":"","meta":{"_et_pb_use_builder":"on","_et_pb_old_content":"","_et_gb_content_width":"","_monsterinsights_skip_tracking":false,"_monsterinsights_sitenote_active":false,"_monsterinsights_sitenote_note":"","_monsterinsights_sitenote_category":0},"yoast_head":"<!-- This site is optimized with the Yoast SEO plugin v20.8 - https:\/\/yoast.com\/wordpress\/plugins\/seo\/ -->\n<title>Politique de cookies - Naparra Bergara<\/title>\n<meta name=\"robots\" content=\"index, follow, max-snippet:-1, max-image-preview:large, max-video-preview:-1\" \/>\n<link rel=\"canonical\" href=\"https:\/\/www.naparrabergara.com\/fr\/politique-de-cookies\/\" \/>\n<script type=\"application\/ld+json\" class=\"yoast-schema-graph\">{\"@context\":\"https:\/\/schema.org\",\"@graph\":[{\"@type\":\"WebPage\",\"@id\":\"https:\/\/www.naparrabergara.com\/fr\/politique-de-cookies\/\",\"url\":\"https:\/\/www.naparrabergara.com\/fr\/politique-de-cookies\/\",\"name\":\"Politique de cookies - Naparra Bergara\",\"isPartOf\":{\"@id\":\"https:\/\/www.naparrabergara.com\/fr\/#website\"},\"datePublished\":\"2023-01-31T09:36:54+00:00\",\"dateModified\":\"2024-05-24T09:15:44+00:00\",\"breadcrumb\":{\"@id\":\"https:\/\/www.naparrabergara.com\/fr\/politique-de-cookies\/#breadcrumb\"},\"inLanguage\":\"fr-FR\",\"potentialAction\":[{\"@type\":\"ReadAction\",\"target\":[\"https:\/\/www.naparrabergara.com\/fr\/politique-de-cookies\/\"]}]},{\"@type\":\"BreadcrumbList\",\"@id\":\"https:\/\/www.naparrabergara.com\/fr\/politique-de-cookies\/#breadcrumb\",\"itemListElement\":[{\"@type\":\"ListItem\",\"position\":1,\"name\":\"Portada\",\"item\":\"https:\/\/www.naparrabergara.com\/fr\/\"},{\"@type\":\"ListItem\",\"position\":2,\"name\":\"Politique de cookies\"}]},{\"@type\":\"WebSite\",\"@id\":\"https:\/\/www.naparrabergara.com\/fr\/#website\",\"url\":\"https:\/\/www.naparrabergara.com\/fr\/\",\"name\":\"Naparra Bergara\",\"description\":\"Gesti\u00f3n de residuos industriales\",\"publisher\":{\"@id\":\"https:\/\/www.naparrabergara.com\/fr\/#organization\"},\"potentialAction\":[{\"@type\":\"SearchAction\",\"target\":{\"@type\":\"EntryPoint\",\"urlTemplate\":\"https:\/\/www.naparrabergara.com\/fr\/?s={search_term_string}\"},\"query-input\":\"required name=search_term_string\"}],\"inLanguage\":\"fr-FR\"},{\"@type\":\"Organization\",\"@id\":\"https:\/\/www.naparrabergara.com\/fr\/#organization\",\"name\":\"Naparra Bergara\",\"url\":\"https:\/\/www.naparrabergara.com\/fr\/\",\"logo\":{\"@type\":\"ImageObject\",\"inLanguage\":\"fr-FR\",\"@id\":\"https:\/\/www.naparrabergara.com\/fr\/#\/schema\/logo\/image\/\",\"url\":\"https:\/\/www.naparrabergara.com\/wp-content\/uploads\/2023\/01\/naparra-bergara-logo4.jpg\",\"contentUrl\":\"https:\/\/www.naparrabergara.com\/wp-content\/uploads\/2023\/01\/naparra-bergara-logo4.jpg\",\"width\":550,\"height\":301,\"caption\":\"Naparra Bergara\"},\"image\":{\"@id\":\"https:\/\/www.naparrabergara.com\/fr\/#\/schema\/logo\/image\/\"},\"sameAs\":[\"https:\/\/www.linkedin.com\/company\/naparra-bergara\"]}]}<\/script>\n<!-- \/ Yoast SEO plugin. -->","yoast_head_json":{"title":"Politique de cookies - Naparra Bergara","robots":{"index":"index","follow":"follow","max-snippet":"max-snippet:-1","max-image-preview":"max-image-preview:large","max-video-preview":"max-video-preview:-1"},"canonical":"https:\/\/www.naparrabergara.com\/fr\/politique-de-cookies\/","schema":{"@context":"https:\/\/schema.org","@graph":[{"@type":"WebPage","@id":"https:\/\/www.naparrabergara.com\/fr\/politique-de-cookies\/","url":"https:\/\/www.naparrabergara.com\/fr\/politique-de-cookies\/","name":"Politique de cookies - Naparra Bergara","isPartOf":{"@id":"https:\/\/www.naparrabergara.com\/fr\/#website"},"datePublished":"2023-01-31T09:36:54+00:00","dateModified":"2024-05-24T09:15:44+00:00","breadcrumb":{"@id":"https:\/\/www.naparrabergara.com\/fr\/politique-de-cookies\/#breadcrumb"},"inLanguage":"fr-FR","potentialAction":[{"@type":"ReadAction","target":["https:\/\/www.naparrabergara.com\/fr\/politique-de-cookies\/"]}]},{"@type":"BreadcrumbList","@id":"https:\/\/www.naparrabergara.com\/fr\/politique-de-cookies\/#breadcrumb","itemListElement":[{"@type":"ListItem","position":1,"name":"Portada","item":"https:\/\/www.naparrabergara.com\/fr\/"},{"@type":"ListItem","position":2,"name":"Politique de cookies"}]},{"@type":"WebSite","@id":"https:\/\/www.naparrabergara.com\/fr\/#website","url":"https:\/\/www.naparrabergara.com\/fr\/","name":"Naparra Bergara","description":"Gesti\u00f3n de residuos industriales","publisher":{"@id":"https:\/\/www.naparrabergara.com\/fr\/#organization"},"potentialAction":[{"@type":"SearchAction","target":{"@type":"EntryPoint","urlTemplate":"https:\/\/www.naparrabergara.com\/fr\/?s={search_term_string}"},"query-input":"required name=search_term_string"}],"inLanguage":"fr-FR"},{"@type":"Organization","@id":"https:\/\/www.naparrabergara.com\/fr\/#organization","name":"Naparra Bergara","url":"https:\/\/www.naparrabergara.com\/fr\/","logo":{"@type":"ImageObject","inLanguage":"fr-FR","@id":"https:\/\/www.naparrabergara.com\/fr\/#\/schema\/logo\/image\/","url":"https:\/\/www.naparrabergara.com\/wp-content\/uploads\/2023\/01\/naparra-bergara-logo4.jpg","contentUrl":"https:\/\/www.naparrabergara.com\/wp-content\/uploads\/2023\/01\/naparra-bergara-logo4.jpg","width":550,"height":301,"caption":"Naparra Bergara"},"image":{"@id":"https:\/\/www.naparrabergara.com\/fr\/#\/schema\/logo\/image\/"},"sameAs":["https:\/\/www.linkedin.com\/company\/naparra-bergara"]}]}},"_links":{"self":[{"href":"https:\/\/www.naparrabergara.com\/fr\/wp-json\/wp\/v2\/pages\/2713"}],"collection":[{"href":"https:\/\/www.naparrabergara.com\/fr\/wp-json\/wp\/v2\/pages"}],"about":[{"href":"https:\/\/www.naparrabergara.com\/fr\/wp-json\/wp\/v2\/types\/page"}],"author":[{"embeddable":true,"href":"https:\/\/www.naparrabergara.com\/fr\/wp-json\/wp\/v2\/users\/1"}],"replies":[{"embeddable":true,"href":"https:\/\/www.naparrabergara.com\/fr\/wp-json\/wp\/v2\/comments?post=2713"}],"version-history":[{"count":2,"href":"https:\/\/www.naparrabergara.com\/fr\/wp-json\/wp\/v2\/pages\/2713\/revisions"}],"predecessor-version":[{"id":2715,"href":"https:\/\/www.naparrabergara.com\/fr\/wp-json\/wp\/v2\/pages\/2713\/revisions\/2715"}],"wp:attachment":[{"href":"https:\/\/www.naparrabergara.com\/fr\/wp-json\/wp\/v2\/media?parent=2713"}],"curies":[{"name":"wp","href":"https:\/\/api.w.org\/{rel}","templated":true}]}}