{"id":2710,"date":"2023-01-31T09:41:41","date_gmt":"2023-01-31T09:41:41","guid":{"rendered":"https:\/\/www.naparrabergara.com\/mentions-legales\/"},"modified":"2024-05-24T09:15:43","modified_gmt":"2024-05-24T09:15:43","slug":"mentions-legales","status":"publish","type":"page","link":"https:\/\/www.naparrabergara.com\/fr\/mentions-legales\/","title":{"rendered":"Mentions l\u00e9gales"},"content":{"rendered":"<p>[et_pb_section fb_built=\u00a0\u00bb1&Prime; module_class=\u00a0\u00bblegal\u00a0\u00bb _builder_version=\u00a0\u00bb4.19.2&Prime; _module_preset=\u00a0\u00bbdefault\u00a0\u00bb global_colors_info=\u00a0\u00bb{}\u00a0\u00bb][et_pb_row _builder_version=\u00a0\u00bb4.19.2&Prime; _module_preset=\u00a0\u00bbdefault\u00a0\u00bb global_colors_info=\u00a0\u00bb{}\u00a0\u00bb][et_pb_column type=\u00a0\u00bb4_4&Prime; _builder_version=\u00a0\u00bb4.19.2&Prime; _module_preset=\u00a0\u00bbdefault\u00a0\u00bb global_colors_info=\u00a0\u00bb{}\u00a0\u00bb][et_pb_text _builder_version=\u00a0\u00bb4.19.2&Prime; _module_preset=\u00a0\u00bbdefault\u00a0\u00bb global_colors_info=\u00a0\u00bb{}\u00a0\u00bb]<\/p>\n<h2>MENTIONS L\u00c9GALES ET CONDITIONS D&rsquo;UTILISATION<\/h2>\n<h3>I. INFORMATIONS G\u00c9N\u00c9RALES<\/h3>\n<p>Conform\u00e9ment au devoir d&rsquo;information pr\u00e9vu par la loi 34\/2002 relative aux services de la soci\u00e9t\u00e9 de l&rsquo;information et au commerce \u00e9lectronique (LSSI-CE) du 11 juillet, les informations g\u00e9n\u00e9rales suivantes figurant sur ce site Internet sont fournies ci-dessous:<\/p>\n<p>La propri\u00e9t\u00e9 de ce site Web, <span>https:\/\/www.naparrabergara.com<\/span>, (ci-apr\u00e8s, Site Web) est d\u00e9tenue par : , muni du NIF : <span>B75189159<\/span> et inscrit au : <span>Registre du Commerce de Gipuzkoa<\/span> avec les donn\u00e9es d&rsquo;enregistrement suivantes : <span>Tome 3, Page 2 , Feuille 750<\/span>, dont le repr\u00e9sentant est : <span>GAIZKA BOLINAGA ITURRICASTILLO<\/span>, et dont les coordonn\u00e9es sont :<\/p>\n<p><strong>Adresse <\/strong>: <span>Askarruntz Industrialdea s\/n, 20570 Bergara, Gipuzkoa<\/span><\/p>\n<p><strong>T\u00e9l\u00e9phone de contact <\/strong>: <span>(943) 76 58 40<\/span><\/p>\n<p><strong>Email du contact<\/strong>: <span>bergara@naparra.com<\/span><\/p>\n<h3>II. CONDITIONS G\u00c9N\u00c9RALES D&rsquo;UTILISATION<\/h3>\n<h4>Objet des conditions : Le Site Internet<\/h4>\n<p>Les pr\u00e9sentes Conditions G\u00e9n\u00e9rales d&rsquo;Utilisation (ci-apr\u00e8s, les Conditions) ont pour objet de r\u00e9glementer l&rsquo;acc\u00e8s et l&rsquo;utilisation du Site Internet. Aux fins des pr\u00e9sentes Conditions, le Site Internet sera compris comme : l&rsquo;aspect ext\u00e9rieur des interfaces-\u00e9crans, tant de mani\u00e8re statique que dynamique, c&rsquo;est-\u00e0-dire l&rsquo;arborescence de navigation ; et tous les \u00e9l\u00e9ments int\u00e9gr\u00e9s tant dans les interfaces d&rsquo;\u00e9cran que dans l&rsquo;arborescence de navigation (ci-apr\u00e8s, Contenus) et tous les services ou ressources en ligne qu&rsquo;il propose aux Utilisateurs (ci-apr\u00e8s, Services).<\/p>\n<p><span>NAPARRA BERGARA SL.<\/span> se r\u00e9serve le droit de modifier, \u00e0 tout moment et sans pr\u00e9avis, la pr\u00e9sentation et la configuration du Site ainsi que les Contenus et Services qui pourraient y \u00eatre int\u00e9gr\u00e9s. L&rsquo;Utilisateur reconna\u00eet et accepte qu&rsquo;\u00e0 tout moment <span>NAPARRA BERGARA SL.<\/span> pourra interrompre, d\u00e9sactiver et\/ou annuler l&rsquo;un quelconque de ces \u00e9l\u00e9ments int\u00e9gr\u00e9s au Site ou l&rsquo;acc\u00e8s \u00e0 celui-ci.<\/p>\n<p>L&rsquo;acc\u00e8s au Site par l&rsquo;Utilisateur est gratuit et, en r\u00e8gle g\u00e9n\u00e9rale, est gratuit sans que l&rsquo;Utilisateur n&rsquo;ait \u00e0 pr\u00e9voir une quelconque compensation pour pouvoir en profiter, \u00e0 l&rsquo;exception du co\u00fbt de la connexion via le r\u00e9seau de t\u00e9l\u00e9communications fourni par l&rsquo;acc\u00e8s. fournisseur que l\u2019Utilisateur a contract\u00e9.<\/p>\n<p>L&rsquo;utilisation des Contenus ne n\u00e9cessite ni abonnement ni inscription pr\u00e9alable.<\/p>\n<h4>Utilisateur<\/h4>\n<p>L&rsquo;acc\u00e8s, la navigation et l&rsquo;utilisation du Site conf\u00e8rent la qualit\u00e9 d&rsquo;Utilisateur, vous acceptez donc, d\u00e8s le d\u00e9but de votre navigation sur le Site, toutes les Conditions \u00e9tablies ici, ainsi que leurs modifications ult\u00e9rieures, sans pr\u00e9judice de l&rsquo;application des dispositions l\u00e9gales imp\u00e9ratives correspondantes. r\u00e9glementation selon les cas. Compte tenu de la pertinence de ce qui pr\u00e9c\u00e8de, il est recommand\u00e9 \u00e0 l&rsquo;Utilisateur de les lire \u00e0 chaque fois qu&rsquo;il visite le Site.<\/p>\n<p>Le site Web de <span>NAPARRA BERGARA SL<\/span>. offre une grande diversit\u00e9 d\u2019informations, de services et de donn\u00e9es. L&rsquo;Utilisateur assume la responsabilit\u00e9 de l&rsquo;utilisation correcte du Site Web. Cette responsabilit\u00e9 s\u2019\u00e9tendra \u00e0 :<\/p>\n<ul>\n<li>Une utilisation des informations, du Contenu et\/ou des Services et donn\u00e9es propos\u00e9s par <span>NAPARRA BERGARA SL.<\/span> sans que cela soit contraire aux dispositions des pr\u00e9sentes Conditions, \u00e0 la loi, aux bonnes m\u0153urs ou \u00e0 l&rsquo;ordre public, ou que de toute autre mani\u00e8re cela puisse impliquer une atteinte aux droits de tiers ou au fonctionnement du Site Internet.<\/li>\n<li>La v\u00e9racit\u00e9 et la l\u00e9galit\u00e9 des informations fournies par l&rsquo;utilisateur dans les formulaires \u00e9mis par <span>NAPARRA BERGARA SL.<\/span> pour acc\u00e9der \u00e0 certains Contenus ou Services propos\u00e9s par le Site Internet. Dans tous les cas, l&rsquo;Utilisateur en informera imm\u00e9diatement <span>NAPARRA BERGARA SL.<\/span> de tout fait permettant une utilisation inappropri\u00e9e des informations enregistr\u00e9es dans lesdits formulaires, tels que, mais pas seulement, le vol, la perte ou l&rsquo;acc\u00e8s non autoris\u00e9 aux identifiants et\/ou mots de passe, afin de proc\u00e9der \u00e0 leur annulation imm\u00e9diate.<\/li>\n<\/ul>\n<p>Le simple acc\u00e8s \u00e0 ce site Web n\u2019implique l\u2019\u00e9tablissement d\u2019aucun type de relation commerciale entre <span>NAPARRA BERGARA SL.<\/span> et l&rsquo;Utilisateur.<\/p>\n<p>Toujours conforme \u00e0 la l\u00e9gislation en vigueur, ce site Web de <span>NAPARRA BERGARA SL.<\/span> Il s\u2019adresse \u00e0 toutes les personnes, quel que soit leur \u00e2ge, pouvant acc\u00e9der et\/ou naviguer sur les pages du Site Internet.<\/p>\n<p>Le Site Web s&rsquo;adresse principalement aux Utilisateurs r\u00e9sidant en <span>Espagne<\/span>. <span>NAPARRA BERGARA SL<\/span>. ne garantit pas que le Site soit conforme aux lois des autres pays, totalement ou partiellement. Si l&rsquo;Utilisateur r\u00e9side ou est domicili\u00e9 dans un autre lieu et d\u00e9cide d&rsquo;acc\u00e9der et\/ou de naviguer sur le Site Web, il le fera sous sa propre responsabilit\u00e9 et devra s&rsquo;assurer que cet acc\u00e8s et cette navigation sont conformes \u00e0 la l\u00e9gislation locale applicable \u00e0 lui ou elle, sans supposer <span>NAPARRA BERGARA SL.<\/span> toute responsabilit\u00e9 pouvant d\u00e9couler dudit acc\u00e8s.<\/p>\n<h3>III. ACC\u00c8S ET NAVIGATION SUR LE SITE WEB : EXCLUSION DE GARANTIE ET \u200b\u200bDE RESPONSABILIT\u00c9<\/h3>\n<p><span>NAPARRA BERGARA SL.<\/span> ne garantit pas la continuit\u00e9, la disponibilit\u00e9 et l\u2019utilit\u00e9 du Site Internet, ni des Contenus ou Services. <span>NAPARRA BERGARA SL.<\/span> fera tout son possible pour le bon fonctionnement du Site Internet, cependant, il n&rsquo;est pas responsable ni ne garantit que l&rsquo;acc\u00e8s \u00e0 ce Site Internet ne sera pas ininterrompu ou qu&rsquo;il sera exempt d&rsquo;erreurs.<\/p>\n<p>Il n&rsquo;est pas non plus responsable ni garanti que le contenu ou les logiciels accessibles via ce site Web soient exempts d&rsquo;erreurs ou causent des dommages au syst\u00e8me informatique (logiciel et mat\u00e9riel) de l&rsquo;utilisateur. En aucun cas <span>NAPARRA BERGARA SL.<\/span> sera responsable des pertes, dommages ou pertes de toute nature d\u00e9coulant de l&rsquo;acc\u00e8s, de la navigation et de l&rsquo;utilisation du Site Web, y compris, mais sans s&rsquo;y limiter, ceux caus\u00e9s aux syst\u00e8mes informatiques ou ceux caus\u00e9s par l&rsquo;introduction de virus.<\/p>\n<p><span>NAPARRA BERGARA SL.<\/span> Il n&rsquo;est pas non plus responsable des dommages qui pourraient \u00eatre caus\u00e9s aux utilisateurs en raison d&rsquo;une mauvaise utilisation de ce site Web. En particulier, il n&rsquo;est en aucun cas responsable des \u00e9ventuelles baisses, interruptions, manques ou d\u00e9fauts des t\u00e9l\u00e9communications qui pourraient survenir.<\/p>\n<h3>IV. POLITIQUE DE LIEN<\/h3>\n<p><span>NAPARRA BERGARA SL.<\/span> Elle ne propose ni ne commercialise, par elle-m\u00eame ou par l&rsquo;interm\u00e9diaire de tiers, les produits et\/ou services disponibles sur lesdits sites li\u00e9s.<\/p>\n<p>L&rsquo;utilisateur ou le tiers qui \u00e9tablit un hyperlien depuis une page Web d&rsquo;un autre site Web diff\u00e9rent vers le site Web de <span>NAPARRA BERGARA SL.<\/span> Tu devrais savoir \u00e7a:<\/p>\n<p>La reproduction &#8211; totale ou partielle &#8211; de l&rsquo;un des contenus et\/ou services du site Web n&rsquo;est pas autoris\u00e9e sans l&rsquo;autorisation expresse de <span>NAPARRA BERGARA SL.<\/span><\/p>\n<p>Aucune d\u00e9claration fausse, inexacte ou incorrecte n&rsquo;est non plus autoris\u00e9e sur le site Web de <span>NAPARRA BERGARA SL.<\/span>, ni sur ses contenus et\/ou services.<\/p>\n<p>\u00c0 l&rsquo;exception de l&rsquo;hyperlien, le site Web sur lequel ledit hyperlien est \u00e9tabli ne contiendra aucun \u00e9l\u00e9ment de ce site Web, prot\u00e9g\u00e9 en tant que propri\u00e9t\u00e9 intellectuelle par le syst\u00e8me juridique espagnol, sauf autorisation expresse de <span>NAPARRA BERGARA SL.<\/span><\/p>\n<p>L&rsquo;\u00e9tablissement de l&rsquo;hyperlien n&rsquo;impliquera pas l&rsquo;existence de relations entre <span>NAPARRA BERGARA SL.<\/span> et le propri\u00e9taire du site Web \u00e0 partir duquel il est r\u00e9alis\u00e9, ni la connaissance et l&rsquo;acceptation de <span>NAPARRA BERGARA SL.<\/span> des contenus, services et\/ou activit\u00e9s propos\u00e9s sur ledit site Internet, et vice versa.<\/p>\n<h3>V. PROPRI\u00c9T\u00c9 INTELLECTUELLE ET INDUSTRIELLE<\/h3>\n<p><span>NAPARRA BERGARA SL.<\/span> par lui-m\u00eame ou en tant que partie cessionnaire, est titulaire de tous les droits de propri\u00e9t\u00e9 intellectuelle et industrielle du Site Web, ainsi que des \u00e9l\u00e9ments qui y sont contenus (\u00e0 titre indicatif et non exhaustif, images, son, audio, vid\u00e9o, logiciels ou textes, marques ou logos, combinaisons de couleurs, structure et design, s\u00e9lection de mat\u00e9riaux utilis\u00e9s, programmes informatiques n\u00e9cessaires \u00e0 son fonctionnement, acc\u00e8s et utilisation, etc. ), Il s&rsquo;agira donc d&rsquo;\u0153uvres prot\u00e9g\u00e9es en tant que propri\u00e9t\u00e9 intellectuelle par le syst\u00e8me juridique espagnol, auquel seront applicables la r\u00e9glementation espagnole et communautaire dans ce domaine, ainsi que les trait\u00e9s internationaux en la mati\u00e8re et sign\u00e9s par l&rsquo;Espagne.<\/p>\n<p>Tous droits r\u00e9serv\u00e9s. En vertu des dispositions du Droit de la Propri\u00e9t\u00e9 Intellectuelle, sont express\u00e9ment interdites la reproduction, la distribution et la communication publique, y compris le mode de mise \u00e0 disposition, de tout ou partie du contenu de ce site Internet, \u00e0 des fins commerciales, sur quelque support que ce soit et par tout moyen technique, sans l&rsquo;autorisation de <span>NAPARRA BERGARA SL.<\/span>.<\/p>\n<p>L&rsquo;Utilisateur s&rsquo;engage \u00e0 respecter les droits de propri\u00e9t\u00e9 intellectuelle et industrielle de <span>NAPARRA BERGARA SL.<\/span> Vous pouvez visualiser les \u00e9l\u00e9ments du Site Internet ou encore les imprimer, les copier et les stocker sur le disque dur de votre ordinateur ou sur tout autre support physique pour autant que ce soit exclusivement pour votre usage personnel. L&rsquo;Utilisateur ne peut toutefois pas supprimer, modifier ou manipuler tout dispositif de protection ou syst\u00e8me de s\u00e9curit\u00e9 install\u00e9 sur le Site.<\/p>\n<p>Dans le cas o\u00f9 l&rsquo;Utilisateur ou un tiers estimerait que l&rsquo;un des Contenus du Site Internet constitue une violation des droits de protection de la propri\u00e9t\u00e9 intellectuelle, il devra en informer imm\u00e9diatement <span>NAPARRA BERGARA SL.<\/span> via les coordonn\u00e9es figurant dans la section INFORMATIONS G\u00c9N\u00c9RALES des pr\u00e9sentes Mentions L\u00e9gales et Conditions G\u00e9n\u00e9rales d&rsquo;Utilisation.<\/p>\n<h3>VI. ACTIONS JUDICIAIRES, LOI APPLICABLE ET JURIDICTION<\/h3>\n<p><span>NAPARRA BERGARA SL.<\/span> se r\u00e9serve le droit d&rsquo;engager des actions civiles ou p\u00e9nales qu&rsquo;elle juge n\u00e9cessaires pour une utilisation inappropri\u00e9e du site Web et du contenu, ou pour le non-respect des pr\u00e9sentes conditions.<\/p>\n<p>La relation entre l&rsquo;Utilisateur et <span>NAPARRA BERGARA SL.<\/span> Il sera r\u00e9gi par la r\u00e9glementation en vigueur et applicable sur le territoire espagnol. Si une controverse surgit concernant l&rsquo;interpr\u00e9tation et\/ou l&rsquo;application des pr\u00e9sentes Conditions, les parties soumettront leurs conflits \u00e0 la juridiction ordinaire, en les soumettant aux juges et tribunaux correspondants conform\u00e9ment \u00e0 la loi.<\/p>\n<p>[\/et_pb_text][\/et_pb_column][\/et_pb_row][\/et_pb_section]<\/p>\n","protected":false},"excerpt":{"rendered":"<p>MENTIONS L\u00c9GALES ET CONDITIONS D&rsquo;UTILISATION I. INFORMATIONS G\u00c9N\u00c9RALES Conform\u00e9ment au devoir d&rsquo;information pr\u00e9vu par la loi 34\/2002 relative aux services de la soci\u00e9t\u00e9 de l&rsquo;information et au commerce \u00e9lectronique (LSSI-CE) du 11 juillet, les informations g\u00e9n\u00e9rales suivantes figurant sur ce site Internet sont fournies ci-dessous: La propri\u00e9t\u00e9 de ce site Web, https:\/\/www.naparrabergara.com, (ci-apr\u00e8s, Site Web) [&hellip;]<\/p>\n","protected":false},"author":1,"featured_media":0,"parent":0,"menu_order":34,"comment_status":"closed","ping_status":"closed","template":"","meta":{"_et_pb_use_builder":"on","_et_pb_old_content":"","_et_gb_content_width":"","_monsterinsights_skip_tracking":false,"_monsterinsights_sitenote_active":false,"_monsterinsights_sitenote_note":"","_monsterinsights_sitenote_category":0},"yoast_head":"<!-- This site is optimized with the Yoast SEO plugin v20.8 - https:\/\/yoast.com\/wordpress\/plugins\/seo\/ -->\n<title>Mentions l\u00e9gales - Naparra Bergara<\/title>\n<meta name=\"robots\" content=\"index, follow, max-snippet:-1, max-image-preview:large, max-video-preview:-1\" \/>\n<link rel=\"canonical\" href=\"https:\/\/www.naparrabergara.com\/fr\/mentions-legales\/\" \/>\n<script type=\"application\/ld+json\" class=\"yoast-schema-graph\">{\"@context\":\"https:\/\/schema.org\",\"@graph\":[{\"@type\":\"WebPage\",\"@id\":\"https:\/\/www.naparrabergara.com\/fr\/mentions-legales\/\",\"url\":\"https:\/\/www.naparrabergara.com\/fr\/mentions-legales\/\",\"name\":\"Mentions l\u00e9gales - Naparra Bergara\",\"isPartOf\":{\"@id\":\"https:\/\/www.naparrabergara.com\/fr\/#website\"},\"datePublished\":\"2023-01-31T09:41:41+00:00\",\"dateModified\":\"2024-05-24T09:15:43+00:00\",\"breadcrumb\":{\"@id\":\"https:\/\/www.naparrabergara.com\/fr\/mentions-legales\/#breadcrumb\"},\"inLanguage\":\"fr-FR\",\"potentialAction\":[{\"@type\":\"ReadAction\",\"target\":[\"https:\/\/www.naparrabergara.com\/fr\/mentions-legales\/\"]}]},{\"@type\":\"BreadcrumbList\",\"@id\":\"https:\/\/www.naparrabergara.com\/fr\/mentions-legales\/#breadcrumb\",\"itemListElement\":[{\"@type\":\"ListItem\",\"position\":1,\"name\":\"Portada\",\"item\":\"https:\/\/www.naparrabergara.com\/fr\/\"},{\"@type\":\"ListItem\",\"position\":2,\"name\":\"Mentions l\u00e9gales\"}]},{\"@type\":\"WebSite\",\"@id\":\"https:\/\/www.naparrabergara.com\/fr\/#website\",\"url\":\"https:\/\/www.naparrabergara.com\/fr\/\",\"name\":\"Naparra Bergara\",\"description\":\"Gesti\u00f3n de residuos industriales\",\"publisher\":{\"@id\":\"https:\/\/www.naparrabergara.com\/fr\/#organization\"},\"potentialAction\":[{\"@type\":\"SearchAction\",\"target\":{\"@type\":\"EntryPoint\",\"urlTemplate\":\"https:\/\/www.naparrabergara.com\/fr\/?s={search_term_string}\"},\"query-input\":\"required name=search_term_string\"}],\"inLanguage\":\"fr-FR\"},{\"@type\":\"Organization\",\"@id\":\"https:\/\/www.naparrabergara.com\/fr\/#organization\",\"name\":\"Naparra Bergara\",\"url\":\"https:\/\/www.naparrabergara.com\/fr\/\",\"logo\":{\"@type\":\"ImageObject\",\"inLanguage\":\"fr-FR\",\"@id\":\"https:\/\/www.naparrabergara.com\/fr\/#\/schema\/logo\/image\/\",\"url\":\"https:\/\/www.naparrabergara.com\/wp-content\/uploads\/2023\/01\/naparra-bergara-logo4.jpg\",\"contentUrl\":\"https:\/\/www.naparrabergara.com\/wp-content\/uploads\/2023\/01\/naparra-bergara-logo4.jpg\",\"width\":550,\"height\":301,\"caption\":\"Naparra Bergara\"},\"image\":{\"@id\":\"https:\/\/www.naparrabergara.com\/fr\/#\/schema\/logo\/image\/\"},\"sameAs\":[\"https:\/\/www.linkedin.com\/company\/naparra-bergara\"]}]}<\/script>\n<!-- \/ Yoast SEO plugin. -->","yoast_head_json":{"title":"Mentions l\u00e9gales - Naparra Bergara","robots":{"index":"index","follow":"follow","max-snippet":"max-snippet:-1","max-image-preview":"max-image-preview:large","max-video-preview":"max-video-preview:-1"},"canonical":"https:\/\/www.naparrabergara.com\/fr\/mentions-legales\/","schema":{"@context":"https:\/\/schema.org","@graph":[{"@type":"WebPage","@id":"https:\/\/www.naparrabergara.com\/fr\/mentions-legales\/","url":"https:\/\/www.naparrabergara.com\/fr\/mentions-legales\/","name":"Mentions l\u00e9gales - Naparra Bergara","isPartOf":{"@id":"https:\/\/www.naparrabergara.com\/fr\/#website"},"datePublished":"2023-01-31T09:41:41+00:00","dateModified":"2024-05-24T09:15:43+00:00","breadcrumb":{"@id":"https:\/\/www.naparrabergara.com\/fr\/mentions-legales\/#breadcrumb"},"inLanguage":"fr-FR","potentialAction":[{"@type":"ReadAction","target":["https:\/\/www.naparrabergara.com\/fr\/mentions-legales\/"]}]},{"@type":"BreadcrumbList","@id":"https:\/\/www.naparrabergara.com\/fr\/mentions-legales\/#breadcrumb","itemListElement":[{"@type":"ListItem","position":1,"name":"Portada","item":"https:\/\/www.naparrabergara.com\/fr\/"},{"@type":"ListItem","position":2,"name":"Mentions l\u00e9gales"}]},{"@type":"WebSite","@id":"https:\/\/www.naparrabergara.com\/fr\/#website","url":"https:\/\/www.naparrabergara.com\/fr\/","name":"Naparra Bergara","description":"Gesti\u00f3n de residuos industriales","publisher":{"@id":"https:\/\/www.naparrabergara.com\/fr\/#organization"},"potentialAction":[{"@type":"SearchAction","target":{"@type":"EntryPoint","urlTemplate":"https:\/\/www.naparrabergara.com\/fr\/?s={search_term_string}"},"query-input":"required name=search_term_string"}],"inLanguage":"fr-FR"},{"@type":"Organization","@id":"https:\/\/www.naparrabergara.com\/fr\/#organization","name":"Naparra Bergara","url":"https:\/\/www.naparrabergara.com\/fr\/","logo":{"@type":"ImageObject","inLanguage":"fr-FR","@id":"https:\/\/www.naparrabergara.com\/fr\/#\/schema\/logo\/image\/","url":"https:\/\/www.naparrabergara.com\/wp-content\/uploads\/2023\/01\/naparra-bergara-logo4.jpg","contentUrl":"https:\/\/www.naparrabergara.com\/wp-content\/uploads\/2023\/01\/naparra-bergara-logo4.jpg","width":550,"height":301,"caption":"Naparra Bergara"},"image":{"@id":"https:\/\/www.naparrabergara.com\/fr\/#\/schema\/logo\/image\/"},"sameAs":["https:\/\/www.linkedin.com\/company\/naparra-bergara"]}]}},"_links":{"self":[{"href":"https:\/\/www.naparrabergara.com\/fr\/wp-json\/wp\/v2\/pages\/2710"}],"collection":[{"href":"https:\/\/www.naparrabergara.com\/fr\/wp-json\/wp\/v2\/pages"}],"about":[{"href":"https:\/\/www.naparrabergara.com\/fr\/wp-json\/wp\/v2\/types\/page"}],"author":[{"embeddable":true,"href":"https:\/\/www.naparrabergara.com\/fr\/wp-json\/wp\/v2\/users\/1"}],"replies":[{"embeddable":true,"href":"https:\/\/www.naparrabergara.com\/fr\/wp-json\/wp\/v2\/comments?post=2710"}],"version-history":[{"count":2,"href":"https:\/\/www.naparrabergara.com\/fr\/wp-json\/wp\/v2\/pages\/2710\/revisions"}],"predecessor-version":[{"id":2712,"href":"https:\/\/www.naparrabergara.com\/fr\/wp-json\/wp\/v2\/pages\/2710\/revisions\/2712"}],"wp:attachment":[{"href":"https:\/\/www.naparrabergara.com\/fr\/wp-json\/wp\/v2\/media?parent=2710"}],"curies":[{"name":"wp","href":"https:\/\/api.w.org\/{rel}","templated":true}]}}