{"id":3117,"date":"2024-05-24T09:09:19","date_gmt":"2024-05-24T09:09:19","guid":{"rendered":"https:\/\/www.naparrabergara.com\/?page_id=3117"},"modified":"2024-05-24T09:15:04","modified_gmt":"2024-05-24T09:15:04","slug":"calidad-medioambiente","status":"publish","type":"page","link":"https:\/\/www.naparrabergara.com\/es\/calidad-medioambiente\/","title":{"rendered":"Calidad y medioambiente"},"content":{"rendered":"<p>[et_pb_section fb_built=\u00bb1&#8243; module_class=\u00bblegal\u00bb _builder_version=\u00bb4.19.2&#8243; _module_preset=\u00bbdefault\u00bb global_colors_info=\u00bb{}\u00bb theme_builder_area=\u00bbpost_content\u00bb][et_pb_row _builder_version=\u00bb4.19.2&#8243; _module_preset=\u00bbdefault\u00bb global_colors_info=\u00bb{}\u00bb theme_builder_area=\u00bbpost_content\u00bb][et_pb_column type=\u00bb4_4&#8243; _builder_version=\u00bb4.19.2&#8243; _module_preset=\u00bbdefault\u00bb global_colors_info=\u00bb{}\u00bb theme_builder_area=\u00bbpost_content\u00bb][et_pb_text _builder_version=\u00bb4.21.0&#8243; _module_preset=\u00bbdefault\u00bb hover_enabled=\u00bb0&#8243; global_colors_info=\u00bb{}\u00bb theme_builder_area=\u00bbpost_content\u00bb sticky_enabled=\u00bb0&#8243;]<\/p>\n<h2>CALIDAD Y MEDIOAMBIENTE<\/h2>\n<p>NAPARRA BERGARA realiza una evaluaci\u00f3n continuada de sus proveedores y subcontratas de acuerdo a la sistem\u00e1tica establecida en su Sistema de Gesti\u00f3n Integrado (Calidad y Medioambiente), y aplicando criterios espec\u00edficos de calidad, precio, adaptaci\u00f3n, capacidad y rapidez de respuesta, gesti\u00f3n documental, etc\u2026<\/p>\n<p>NAPARRA BERGARA de acuerdo a su pol\u00edtica de gesti\u00f3n ambiental requiere de sus proveedores la aplicaci\u00f3n de principios de cumplimiento de requisitos legales y otros aplicables a su actividad, as\u00ed como el respeto de las normas medioambientales y de seguridad facilitadas por NB cuando el desarrollo de su actividad se produce en el interior de sus instalaciones.<br \/>\n[\/et_pb_text][\/et_pb_column][\/et_pb_row][\/et_pb_section]<\/p>\n","protected":false},"excerpt":{"rendered":"<p>CALIDAD Y MEDIOAMBIENTE NAPARRA BERGARA realiza una evaluaci\u00f3n continuada de sus proveedores y subcontratas de acuerdo a la sistem\u00e1tica establecida en su Sistema de Gesti\u00f3n Integrado (Calidad y Medioambiente), y aplicando criterios espec\u00edficos de calidad, precio, adaptaci\u00f3n, capacidad y rapidez de respuesta, gesti\u00f3n documental, etc\u2026 NAPARRA BERGARA de acuerdo a su pol\u00edtica de gesti\u00f3n ambiental [&hellip;]<\/p>\n","protected":false},"author":1,"featured_media":0,"parent":0,"menu_order":50,"comment_status":"closed","ping_status":"closed","template":"","meta":{"_et_pb_use_builder":"on","_et_pb_old_content":"","_et_gb_content_width":"","_monsterinsights_skip_tracking":false,"_monsterinsights_sitenote_active":false,"_monsterinsights_sitenote_note":"","_monsterinsights_sitenote_category":0},"yoast_head":"<!-- This site is optimized with the Yoast SEO plugin v20.8 - https:\/\/yoast.com\/wordpress\/plugins\/seo\/ -->\n<title>Calidad y medioambiente - Naparra Bergara<\/title>\n<meta name=\"robots\" content=\"index, follow, max-snippet:-1, max-image-preview:large, max-video-preview:-1\" \/>\n<link rel=\"canonical\" href=\"https:\/\/www.naparrabergara.com\/es\/calidad-medioambiente\/\" \/>\n<script type=\"application\/ld+json\" class=\"yoast-schema-graph\">{\"@context\":\"https:\/\/schema.org\",\"@graph\":[{\"@type\":\"WebPage\",\"@id\":\"https:\/\/www.naparrabergara.com\/es\/calidad-medioambiente\/\",\"url\":\"https:\/\/www.naparrabergara.com\/es\/calidad-medioambiente\/\",\"name\":\"Calidad y medioambiente - Naparra Bergara\",\"isPartOf\":{\"@id\":\"https:\/\/www.naparrabergara.com\/es\/#website\"},\"datePublished\":\"2024-05-24T09:09:19+00:00\",\"dateModified\":\"2024-05-24T09:15:04+00:00\",\"breadcrumb\":{\"@id\":\"https:\/\/www.naparrabergara.com\/es\/calidad-medioambiente\/#breadcrumb\"},\"inLanguage\":\"es\",\"potentialAction\":[{\"@type\":\"ReadAction\",\"target\":[\"https:\/\/www.naparrabergara.com\/es\/calidad-medioambiente\/\"]}]},{\"@type\":\"BreadcrumbList\",\"@id\":\"https:\/\/www.naparrabergara.com\/es\/calidad-medioambiente\/#breadcrumb\",\"itemListElement\":[{\"@type\":\"ListItem\",\"position\":1,\"name\":\"Portada\",\"item\":\"https:\/\/www.naparrabergara.com\/es\/\"},{\"@type\":\"ListItem\",\"position\":2,\"name\":\"Calidad y medioambiente\"}]},{\"@type\":\"WebSite\",\"@id\":\"https:\/\/www.naparrabergara.com\/es\/#website\",\"url\":\"https:\/\/www.naparrabergara.com\/es\/\",\"name\":\"Naparra Bergara\",\"description\":\"Gesti\u00f3n de residuos industriales\",\"publisher\":{\"@id\":\"https:\/\/www.naparrabergara.com\/es\/#organization\"},\"potentialAction\":[{\"@type\":\"SearchAction\",\"target\":{\"@type\":\"EntryPoint\",\"urlTemplate\":\"https:\/\/www.naparrabergara.com\/es\/?s={search_term_string}\"},\"query-input\":\"required name=search_term_string\"}],\"inLanguage\":\"es\"},{\"@type\":\"Organization\",\"@id\":\"https:\/\/www.naparrabergara.com\/es\/#organization\",\"name\":\"Naparra Bergara\",\"url\":\"https:\/\/www.naparrabergara.com\/es\/\",\"logo\":{\"@type\":\"ImageObject\",\"inLanguage\":\"es\",\"@id\":\"https:\/\/www.naparrabergara.com\/es\/#\/schema\/logo\/image\/\",\"url\":\"https:\/\/www.naparrabergara.com\/wp-content\/uploads\/2023\/01\/naparra-bergara-logo4.jpg\",\"contentUrl\":\"https:\/\/www.naparrabergara.com\/wp-content\/uploads\/2023\/01\/naparra-bergara-logo4.jpg\",\"width\":550,\"height\":301,\"caption\":\"Naparra Bergara\"},\"image\":{\"@id\":\"https:\/\/www.naparrabergara.com\/es\/#\/schema\/logo\/image\/\"},\"sameAs\":[\"https:\/\/www.linkedin.com\/company\/naparra-bergara\"]}]}<\/script>\n<!-- \/ Yoast SEO plugin. -->","yoast_head_json":{"title":"Calidad y medioambiente - Naparra Bergara","robots":{"index":"index","follow":"follow","max-snippet":"max-snippet:-1","max-image-preview":"max-image-preview:large","max-video-preview":"max-video-preview:-1"},"canonical":"https:\/\/www.naparrabergara.com\/es\/calidad-medioambiente\/","schema":{"@context":"https:\/\/schema.org","@graph":[{"@type":"WebPage","@id":"https:\/\/www.naparrabergara.com\/es\/calidad-medioambiente\/","url":"https:\/\/www.naparrabergara.com\/es\/calidad-medioambiente\/","name":"Calidad y medioambiente - Naparra Bergara","isPartOf":{"@id":"https:\/\/www.naparrabergara.com\/es\/#website"},"datePublished":"2024-05-24T09:09:19+00:00","dateModified":"2024-05-24T09:15:04+00:00","breadcrumb":{"@id":"https:\/\/www.naparrabergara.com\/es\/calidad-medioambiente\/#breadcrumb"},"inLanguage":"es","potentialAction":[{"@type":"ReadAction","target":["https:\/\/www.naparrabergara.com\/es\/calidad-medioambiente\/"]}]},{"@type":"BreadcrumbList","@id":"https:\/\/www.naparrabergara.com\/es\/calidad-medioambiente\/#breadcrumb","itemListElement":[{"@type":"ListItem","position":1,"name":"Portada","item":"https:\/\/www.naparrabergara.com\/es\/"},{"@type":"ListItem","position":2,"name":"Calidad y medioambiente"}]},{"@type":"WebSite","@id":"https:\/\/www.naparrabergara.com\/es\/#website","url":"https:\/\/www.naparrabergara.com\/es\/","name":"Naparra Bergara","description":"Gesti\u00f3n de residuos industriales","publisher":{"@id":"https:\/\/www.naparrabergara.com\/es\/#organization"},"potentialAction":[{"@type":"SearchAction","target":{"@type":"EntryPoint","urlTemplate":"https:\/\/www.naparrabergara.com\/es\/?s={search_term_string}"},"query-input":"required name=search_term_string"}],"inLanguage":"es"},{"@type":"Organization","@id":"https:\/\/www.naparrabergara.com\/es\/#organization","name":"Naparra Bergara","url":"https:\/\/www.naparrabergara.com\/es\/","logo":{"@type":"ImageObject","inLanguage":"es","@id":"https:\/\/www.naparrabergara.com\/es\/#\/schema\/logo\/image\/","url":"https:\/\/www.naparrabergara.com\/wp-content\/uploads\/2023\/01\/naparra-bergara-logo4.jpg","contentUrl":"https:\/\/www.naparrabergara.com\/wp-content\/uploads\/2023\/01\/naparra-bergara-logo4.jpg","width":550,"height":301,"caption":"Naparra Bergara"},"image":{"@id":"https:\/\/www.naparrabergara.com\/es\/#\/schema\/logo\/image\/"},"sameAs":["https:\/\/www.linkedin.com\/company\/naparra-bergara"]}]}},"_links":{"self":[{"href":"https:\/\/www.naparrabergara.com\/es\/wp-json\/wp\/v2\/pages\/3117"}],"collection":[{"href":"https:\/\/www.naparrabergara.com\/es\/wp-json\/wp\/v2\/pages"}],"about":[{"href":"https:\/\/www.naparrabergara.com\/es\/wp-json\/wp\/v2\/types\/page"}],"author":[{"embeddable":true,"href":"https:\/\/www.naparrabergara.com\/es\/wp-json\/wp\/v2\/users\/1"}],"replies":[{"embeddable":true,"href":"https:\/\/www.naparrabergara.com\/es\/wp-json\/wp\/v2\/comments?post=3117"}],"version-history":[{"count":4,"href":"https:\/\/www.naparrabergara.com\/es\/wp-json\/wp\/v2\/pages\/3117\/revisions"}],"predecessor-version":[{"id":3122,"href":"https:\/\/www.naparrabergara.com\/es\/wp-json\/wp\/v2\/pages\/3117\/revisions\/3122"}],"wp:attachment":[{"href":"https:\/\/www.naparrabergara.com\/es\/wp-json\/wp\/v2\/media?parent=3117"}],"curies":[{"name":"wp","href":"https:\/\/api.w.org\/{rel}","templated":true}]}}